{"id":47,"date":"2025-05-25T15:41:16","date_gmt":"2025-05-25T15:41:16","guid":{"rendered":"https:\/\/abttunisie.com\/public-html\/?page_id=47"},"modified":"2026-03-02T11:59:45","modified_gmt":"2026-03-02T11:59:45","slug":"services","status":"publish","type":"page","link":"https:\/\/abttunisie.com\/index.php\/services\/","title":{"rendered":"Services"},"content":{"rendered":"\n<div class=\"wp-block-columns is-layout-flex wp-container-core-columns-is-layout-28f84493 wp-block-columns-is-layout-flex\">\n<div class=\"wp-block-column is-layout-flow wp-block-column-is-layout-flow\"><\/div>\n<\/div>\n\n\n\n<div class=\"wp-block-group alignfull has-contrast-color has-text-color has-link-color wp-elements-78283734a03f29f54aeda0a1a02c53f4 has-global-padding is-layout-constrained wp-container-core-group-is-layout-23b1a4dc wp-block-group-is-layout-constrained\" style=\"padding-top:var(--wp--preset--spacing--30);padding-right:var(--wp--preset--spacing--30);padding-bottom:var(--wp--preset--spacing--30);padding-left:var(--wp--preset--spacing--30)\"><\/div>\n\n\n\n<div class=\"wp-block-group alignfull has-global-padding is-layout-constrained wp-container-core-group-is-layout-bea0ab10 wp-block-group-is-layout-constrained\" style=\"padding-top:20px;padding-right:var(--wp--preset--spacing--30);padding-bottom:20px;padding-left:var(--wp--preset--spacing--30)\">\n<div class=\"wp-block-group alignwide is-layout-flow wp-container-core-group-is-layout-c951c46d wp-block-group-is-layout-flow\">\n<div class=\"wp-block-columns is-layout-flex wp-container-core-columns-is-layout-28f84493 wp-block-columns-is-layout-flex\">\n<div class=\"wp-block-column is-layout-flow wp-block-column-is-layout-flow\">\n<p style=\"border-radius:12px;padding-top:0;padding-right:0;padding-bottom:0;padding-left:0\"><\/p>\n\n\n\n<h2 class=\"wp-block-heading\"><strong><strong>D\u00e9claration douani\u00e8re<\/strong><\/strong><\/h2>\n\n\n\n<p><\/p>\n\n\n\n<p><\/p>\n\n\n\n<p><\/p>\n\n\n\n<p style=\"padding-top:var(--wp--preset--spacing--30);padding-bottom:var(--wp--preset--spacing--30)\">Chez ABT Tunisie, nous assurons une gestion compl\u00e8te et rigoureuse de vos d\u00e9clarations en douane, en veillant \u00e0 la conformit\u00e9 de chaque \u00e9tape avec les r\u00e9glementations tunisiennes et internationales en vigueur. Gr\u00e2ce \u00e0 notre expertise pointue et \u00e0 notre connaissance approfondie des proc\u00e9dures douani\u00e8res, nous vous garantissons un traitement rapide et s\u00e9curis\u00e9 de vos formalit\u00e9s, qu\u2019il s\u2019agisse d\u2019importation, d\u2019exportation ou de transit. Notre \u00e9quipe d\u00e9di\u00e9e travaille en \u00e9troite collaboration avec les autorit\u00e9s douani\u00e8res et les plateformes logistiques afin d\u2019optimiser vos d\u00e9lais de d\u00e9douanement, de limiter les risques d\u2019erreur ou de litige, et de vous offrir une s\u00e9r\u00e9nit\u00e9 totale dans la gestion de vos op\u00e9rations internationales. Choisir ABT Tunisie, c\u2019est s\u2019appuyer sur un partenaire de confiance qui fait de la pr\u00e9cision et de la r\u00e9activit\u00e9 ses priorit\u00e9s.<\/p>\n\n\n\n<p><\/p>\n<\/div>\n\n\n\n<div class=\"wp-block-column has-global-padding is-layout-constrained wp-container-core-column-is-layout-92b9201d wp-block-column-is-layout-constrained\">\n<figure class=\"wp-block-image alignright size-full is-resized has-custom-border\" style=\"padding-top:0;padding-right:0;padding-bottom:0;padding-left:0\"><img loading=\"lazy\" decoding=\"async\" width=\"350\" height=\"242\" src=\"https:\/\/abttunisie.com\/public-html\/wp-content\/uploads\/2025\/05\/bt-1.png\" alt=\"\" class=\"wp-image-182\" style=\"border-radius:12px;width:573px;height:auto\" srcset=\"https:\/\/abttunisie.com\/wp-content\/uploads\/2025\/05\/bt-1.png 350w, https:\/\/abttunisie.com\/wp-content\/uploads\/2025\/05\/bt-1-300x207.png 300w\" sizes=\"auto, (max-width: 350px) 100vw, 350px\" \/><\/figure>\n<\/div>\n<\/div>\n<\/div>\n<\/div>\n\n\n\n<div class=\"wp-block-group alignfull has-global-padding is-layout-constrained wp-container-core-group-is-layout-bea0ab10 wp-block-group-is-layout-constrained\" style=\"padding-top:20px;padding-right:var(--wp--preset--spacing--30);padding-bottom:20px;padding-left:var(--wp--preset--spacing--30)\">\n<div class=\"wp-block-group alignwide is-layout-flow wp-container-core-group-is-layout-c951c46d wp-block-group-is-layout-flow\">\n<div class=\"wp-block-columns is-layout-flex wp-container-core-columns-is-layout-28f84493 wp-block-columns-is-layout-flex\">\n<div class=\"wp-block-column is-layout-flow wp-block-column-is-layout-flow\">\n<figure class=\"wp-block-image alignleft size-full is-resized has-custom-border\" style=\"padding-top:0;padding-right:0;padding-bottom:0;padding-left:0\"><img loading=\"lazy\" decoding=\"async\" width=\"506\" height=\"336\" src=\"https:\/\/abttunisie.com\/public-html\/wp-content\/uploads\/2025\/05\/aerial-view-cargo-ship-cargo-container-harbor-1-2.jpg\" alt=\"\" class=\"wp-image-36\" style=\"border-radius:12px;width:573px;height:auto\" srcset=\"https:\/\/abttunisie.com\/wp-content\/uploads\/2025\/05\/aerial-view-cargo-ship-cargo-container-harbor-1-2.jpg 506w, https:\/\/abttunisie.com\/wp-content\/uploads\/2025\/05\/aerial-view-cargo-ship-cargo-container-harbor-1-2-300x199.jpg 300w\" sizes=\"auto, (max-width: 506px) 100vw, 506px\" \/><\/figure>\n<\/div>\n\n\n\n<div class=\"wp-block-column has-global-padding is-layout-constrained wp-container-core-column-is-layout-92b9201d wp-block-column-is-layout-constrained\">\n<p><\/p>\n\n\n\n<h2 class=\"wp-block-heading\"><strong>Logistique et entreposage<\/strong><\/h2>\n\n\n\n<p><\/p>\n\n\n\n<p style=\"padding-top:var(--wp--preset--spacing--30);padding-bottom:var(--wp--preset--spacing--30)\">Notre disposition des solutions de stockage flexibles et s\u00e9curis\u00e9es, con\u00e7ues pour r\u00e9pondre \u00e0 vos besoins sp\u00e9cifiques, qu\u2019il s\u2019agisse de stockage temporaire ou de solutions \u00e0 plus long terme. Nos entrep\u00f4ts sont \u00e9quip\u00e9s pour accueillir tous types de marchandises, avec des conditions de conservation optimales, un suivi rigoureux des stocks, et des syst\u00e8mes de s\u00e9curit\u00e9 performants. Que vous ayez besoin d\u2019une solution ponctuelle entre deux \u00e9tapes logistiques ou d\u2019un espace de stockage permanent dans le cadre de vos op\u00e9rations r\u00e9currentes, nous adaptons notre offre pour garantir fluidit\u00e9, tra\u00e7abilit\u00e9 et ma\u00eetrise des co\u00fbts. En choisissant ABT Tunisie, vous b\u00e9n\u00e9ficiez d\u2019un partenaire fiable qui fait du stockage une \u00e9tape strat\u00e9gique et parfaitement int\u00e9gr\u00e9e \u00e0 votre cha\u00eene logistique.<\/p>\n\n\n\n<p><\/p>\n<\/div>\n<\/div>\n<\/div>\n<\/div>\n\n\n\n<div class=\"wp-block-group alignfull has-global-padding is-layout-constrained wp-container-core-group-is-layout-bea0ab10 wp-block-group-is-layout-constrained\" style=\"padding-top:20px;padding-right:var(--wp--preset--spacing--30);padding-bottom:20px;padding-left:var(--wp--preset--spacing--30)\">\n<div class=\"wp-block-group alignwide is-layout-flow wp-container-core-group-is-layout-c951c46d wp-block-group-is-layout-flow\">\n<div class=\"wp-block-columns is-layout-flex wp-container-core-columns-is-layout-28f84493 wp-block-columns-is-layout-flex\">\n<div class=\"wp-block-column is-layout-flow wp-block-column-is-layout-flow\">\n<p><\/p>\n\n\n\n<h2 class=\"wp-block-heading\"><strong><strong>  Transit international<\/strong><\/strong><\/h2>\n\n\n\n<p><\/p>\n\n\n\n<p><\/p>\n\n\n\n<p><\/p>\n\n\n\n<p style=\"padding-top:var(--wp--preset--spacing--30);padding-bottom:var(--wp--preset--spacing--30)\">ABT Tunisie assure la gestion compl\u00e8te de vos op\u00e9rations de transit international, en facilitant le passage fluide de vos marchandises \u00e0 travers les fronti\u00e8res et en respectant les r\u00e9glementations en vigueur dans chaque pays concern\u00e9. Gr\u00e2ce \u00e0 notre r\u00e9seau de partenaires fiables et \u00e0 notre parfaite ma\u00eetrise des formalit\u00e9s douani\u00e8res, nous optimisons vos flux logistiques pour garantir des d\u00e9lais ma\u00eetris\u00e9s, une tra\u00e7abilit\u00e9 continue et un service sans interruption. Que ce soit pour un transit terrestre, maritime ou a\u00e9rien, nous mettons \u00e0 votre disposition des solutions adapt\u00e9es \u00e0 la nature de vos produits, \u00e0 vos exigences commerciales et aux contraintes r\u00e9glementaires. Avec ABT Tunisie, vous b\u00e9n\u00e9ficiez d\u2019un accompagnement sur mesure et d\u2019un interlocuteur unique, engag\u00e9 \u00e0 s\u00e9curiser vos acheminements internationaux \u00e0 chaque \u00e9tape du parcours.<\/p>\n\n\n\n<p style=\"padding-top:var(--wp--preset--spacing--30);padding-bottom:var(--wp--preset--spacing--30)\"><\/p>\n<\/div>\n\n\n\n<div class=\"wp-block-column has-global-padding is-layout-constrained wp-container-core-column-is-layout-92b9201d wp-block-column-is-layout-constrained\">\n<figure class=\"wp-block-image alignright size-large is-resized has-custom-border\" style=\"padding-top:0;padding-right:0;padding-bottom:0;padding-left:0\"><img loading=\"lazy\" decoding=\"async\" width=\"1024\" height=\"688\" src=\"https:\/\/abttunisie.com\/public-html\/wp-content\/uploads\/2025\/05\/Capture-decran-2025-05-26-095804-2-1024x688.png\" alt=\"\" class=\"wp-image-166\" style=\"border-radius:12px;width:573px;height:auto\" srcset=\"https:\/\/abttunisie.com\/wp-content\/uploads\/2025\/05\/Capture-decran-2025-05-26-095804-2-1024x688.png 1024w, https:\/\/abttunisie.com\/wp-content\/uploads\/2025\/05\/Capture-decran-2025-05-26-095804-2-300x202.png 300w, https:\/\/abttunisie.com\/wp-content\/uploads\/2025\/05\/Capture-decran-2025-05-26-095804-2-768x516.png 768w, https:\/\/abttunisie.com\/wp-content\/uploads\/2025\/05\/Capture-decran-2025-05-26-095804-2.png 1171w\" sizes=\"auto, (max-width: 1024px) 100vw, 1024px\" \/><\/figure>\n<\/div>\n<\/div>\n<\/div>\n<\/div>\n\n\n\n<div class=\"wp-block-group alignwide has-base-contrast-color has-content-primary-background-color has-text-color has-background has-link-color wp-elements-4e520b780ff6beb9219c4e17bf02b63a has-global-padding is-layout-constrained wp-container-core-group-is-layout-a38f28a3 wp-block-group-is-layout-constrained\" style=\"border-radius:16px;padding-top:var(--wp--preset--spacing--50);padding-right:var(--wp--preset--spacing--20);padding-bottom:var(--wp--preset--spacing--50);padding-left:var(--wp--preset--spacing--20)\">\n<p><\/p>\n\n\n\n<h2 class=\"wp-block-heading has-text-align-center has-base-light-color has-text-color has-link-color wp-elements-df335c7ee761fa93161566008f8d415c\">Notre \u00e9quipe est \u00e0 votre disposition pour vous conseiller et \u00e9tablir un devis personnalis\u00e9.<\/h2>\n\n\n\n<div class=\"wp-block-buttons is-horizontal is-content-justification-center is-layout-flex wp-container-core-buttons-is-layout-ecd33c62 wp-block-buttons-is-layout-flex\">\n<div class=\"wp-block-button is-style-fill\"><a class=\"wp-block-button__link has-primary-color has-base-light-background-color has-text-color has-background has-link-color wp-element-button\">Contactez-nous \u2192<\/a><\/div>\n<\/div>\n<\/div>\n\n\n\n<p><\/p>\n","protected":false},"excerpt":{"rendered":"<p>D\u00e9claration douani\u00e8re Chez ABT Tunisie, nous assurons une gestion compl\u00e8te et rigoureuse de vos d\u00e9clarations en douane, en veillant \u00e0 la conformit\u00e9 de chaque \u00e9tape avec les r\u00e9glementations tunisiennes et internationales en vigueur. Gr\u00e2ce \u00e0 notre expertise pointue et \u00e0 notre connaissance approfondie des proc\u00e9dures douani\u00e8res, nous vous garantissons un traitement rapide et s\u00e9curis\u00e9 de [&hellip;]<\/p>\n","protected":false},"author":1,"featured_media":0,"parent":0,"menu_order":0,"comment_status":"closed","ping_status":"closed","template":"","meta":{"footnotes":""},"class_list":["post-47","page","type-page","status-publish","hentry"],"yoast_head":"<!-- This site is optimized with the Yoast SEO plugin v25.2 - https:\/\/yoast.com\/wordpress\/plugins\/seo\/ -->\n<title>Services - abttunisie ABT , transit , tunis<\/title>\n<meta name=\"description\" content=\"commissionnaire en douane Tunis\" \/>\n<meta name=\"robots\" content=\"index, follow, max-snippet:-1, max-video-preview:-1, noimageindex\" \/>\n<link rel=\"canonical\" href=\"https:\/\/abttunisie.com\/index.php\/services\/\" \/>\n<meta property=\"og:locale\" content=\"en_US\" \/>\n<meta property=\"og:type\" content=\"article\" \/>\n<meta property=\"og:title\" content=\"Services - abttunisie ABT , transit , tunis\" \/>\n<meta property=\"og:description\" content=\"commissionnaire en douane Tunis\" \/>\n<meta property=\"og:url\" content=\"https:\/\/abttunisie.com\/index.php\/services\/\" \/>\n<meta property=\"og:site_name\" content=\"abttunisie\" \/>\n<meta property=\"article:publisher\" content=\"https:\/\/www.facebook.com\/profile.php?id=61576825632485\" \/>\n<meta property=\"article:modified_time\" content=\"2026-03-02T11:59:45+00:00\" \/>\n<meta property=\"og:image\" content=\"https:\/\/abttunisie.com\/wp-content\/uploads\/2025\/05\/bt-1.png\" \/>\n\t<meta property=\"og:image:width\" content=\"350\" \/>\n\t<meta property=\"og:image:height\" content=\"242\" \/>\n\t<meta property=\"og:image:type\" content=\"image\/png\" \/>\n<meta name=\"twitter:card\" content=\"summary_large_image\" \/>\n<meta name=\"twitter:label1\" content=\"Est. reading time\" \/>\n\t<meta name=\"twitter:data1\" content=\"3 minutes\" \/>\n<script type=\"application\/ld+json\" class=\"yoast-schema-graph\">{\"@context\":\"https:\/\/schema.org\",\"@graph\":[{\"@type\":\"WebPage\",\"@id\":\"https:\/\/abttunisie.com\/index.php\/services\/\",\"url\":\"https:\/\/abttunisie.com\/index.php\/services\/\",\"name\":\"Services - abttunisie ABT , transit , tunis\",\"isPartOf\":{\"@id\":\"https:\/\/abttunisie.com\/#website\"},\"primaryImageOfPage\":{\"@id\":\"https:\/\/abttunisie.com\/index.php\/services\/#primaryimage\"},\"image\":{\"@id\":\"https:\/\/abttunisie.com\/index.php\/services\/#primaryimage\"},\"thumbnailUrl\":\"https:\/\/abttunisie.com\/public-html\/wp-content\/uploads\/2025\/05\/bt-1.png\",\"datePublished\":\"2025-05-25T15:41:16+00:00\",\"dateModified\":\"2026-03-02T11:59:45+00:00\",\"description\":\"commissionnaire en douane Tunis\",\"breadcrumb\":{\"@id\":\"https:\/\/abttunisie.com\/index.php\/services\/#breadcrumb\"},\"inLanguage\":\"en-US\",\"potentialAction\":[{\"@type\":\"ReadAction\",\"target\":[\"https:\/\/abttunisie.com\/index.php\/services\/\"]}]},{\"@type\":\"ImageObject\",\"inLanguage\":\"en-US\",\"@id\":\"https:\/\/abttunisie.com\/index.php\/services\/#primaryimage\",\"url\":\"https:\/\/abttunisie.com\/wp-content\/uploads\/2025\/05\/bt-1.png\",\"contentUrl\":\"https:\/\/abttunisie.com\/wp-content\/uploads\/2025\/05\/bt-1.png\",\"width\":350,\"height\":242},{\"@type\":\"BreadcrumbList\",\"@id\":\"https:\/\/abttunisie.com\/index.php\/services\/#breadcrumb\",\"itemListElement\":[{\"@type\":\"ListItem\",\"position\":1,\"name\":\"Home\",\"item\":\"https:\/\/abttunisie.com\/\"},{\"@type\":\"ListItem\",\"position\":2,\"name\":\"Services\"}]},{\"@type\":\"WebSite\",\"@id\":\"https:\/\/abttunisie.com\/#website\",\"url\":\"https:\/\/abttunisie.com\/\",\"name\":\"abttunisie\",\"description\":\"Sevice logistique transit tunisie  transitaire tunisie\",\"publisher\":{\"@id\":\"https:\/\/abttunisie.com\/#organization\"},\"alternateName\":\"ABT tunisie\",\"potentialAction\":[{\"@type\":\"SearchAction\",\"target\":{\"@type\":\"EntryPoint\",\"urlTemplate\":\"https:\/\/abttunisie.com\/?s={search_term_string}\"},\"query-input\":{\"@type\":\"PropertyValueSpecification\",\"valueRequired\":true,\"valueName\":\"search_term_string\"}}],\"inLanguage\":\"en-US\"},{\"@type\":\"Organization\",\"@id\":\"https:\/\/abttunisie.com\/#organization\",\"name\":\"ABTtunisie\",\"url\":\"https:\/\/abttunisie.com\/\",\"logo\":{\"@type\":\"ImageObject\",\"inLanguage\":\"en-US\",\"@id\":\"https:\/\/abttunisie.com\/#\/schema\/logo\/image\/\",\"url\":\"https:\/\/abttunisie.com\/wp-content\/uploads\/2025\/05\/logo-abt.png\",\"contentUrl\":\"https:\/\/abttunisie.com\/wp-content\/uploads\/2025\/05\/logo-abt.png\",\"width\":218,\"height\":39,\"caption\":\"ABTtunisie\"},\"image\":{\"@id\":\"https:\/\/abttunisie.com\/#\/schema\/logo\/image\/\"},\"sameAs\":[\"https:\/\/www.facebook.com\/profile.php?id=61576825632485\"]}]}<\/script>\n<!-- \/ Yoast SEO plugin. -->","yoast_head_json":{"title":"Services - abttunisie ABT , transit , tunis","description":"commissionnaire en douane Tunis","robots":{"index":"index","follow":"follow","max-snippet":"max-snippet:-1","max-video-preview":"max-video-preview:-1","imageindex":"noimageindex"},"canonical":"https:\/\/abttunisie.com\/index.php\/services\/","og_locale":"en_US","og_type":"article","og_title":"Services - abttunisie ABT , transit , tunis","og_description":"commissionnaire en douane Tunis","og_url":"https:\/\/abttunisie.com\/index.php\/services\/","og_site_name":"abttunisie","article_publisher":"https:\/\/www.facebook.com\/profile.php?id=61576825632485","article_modified_time":"2026-03-02T11:59:45+00:00","og_image":[{"width":350,"height":242,"url":"https:\/\/abttunisie.com\/wp-content\/uploads\/2025\/05\/bt-1.png","type":"image\/png"}],"twitter_card":"summary_large_image","twitter_misc":{"Est. reading time":"3 minutes"},"schema":{"@context":"https:\/\/schema.org","@graph":[{"@type":"WebPage","@id":"https:\/\/abttunisie.com\/index.php\/services\/","url":"https:\/\/abttunisie.com\/index.php\/services\/","name":"Services - abttunisie ABT , transit , tunis","isPartOf":{"@id":"https:\/\/abttunisie.com\/#website"},"primaryImageOfPage":{"@id":"https:\/\/abttunisie.com\/index.php\/services\/#primaryimage"},"image":{"@id":"https:\/\/abttunisie.com\/index.php\/services\/#primaryimage"},"thumbnailUrl":"https:\/\/abttunisie.com\/public-html\/wp-content\/uploads\/2025\/05\/bt-1.png","datePublished":"2025-05-25T15:41:16+00:00","dateModified":"2026-03-02T11:59:45+00:00","description":"commissionnaire en douane Tunis","breadcrumb":{"@id":"https:\/\/abttunisie.com\/index.php\/services\/#breadcrumb"},"inLanguage":"en-US","potentialAction":[{"@type":"ReadAction","target":["https:\/\/abttunisie.com\/index.php\/services\/"]}]},{"@type":"ImageObject","inLanguage":"en-US","@id":"https:\/\/abttunisie.com\/index.php\/services\/#primaryimage","url":"https:\/\/abttunisie.com\/wp-content\/uploads\/2025\/05\/bt-1.png","contentUrl":"https:\/\/abttunisie.com\/wp-content\/uploads\/2025\/05\/bt-1.png","width":350,"height":242},{"@type":"BreadcrumbList","@id":"https:\/\/abttunisie.com\/index.php\/services\/#breadcrumb","itemListElement":[{"@type":"ListItem","position":1,"name":"Home","item":"https:\/\/abttunisie.com\/"},{"@type":"ListItem","position":2,"name":"Services"}]},{"@type":"WebSite","@id":"https:\/\/abttunisie.com\/#website","url":"https:\/\/abttunisie.com\/","name":"abttunisie","description":"Sevice logistique transit tunisie  transitaire tunisie","publisher":{"@id":"https:\/\/abttunisie.com\/#organization"},"alternateName":"ABT tunisie","potentialAction":[{"@type":"SearchAction","target":{"@type":"EntryPoint","urlTemplate":"https:\/\/abttunisie.com\/?s={search_term_string}"},"query-input":{"@type":"PropertyValueSpecification","valueRequired":true,"valueName":"search_term_string"}}],"inLanguage":"en-US"},{"@type":"Organization","@id":"https:\/\/abttunisie.com\/#organization","name":"ABTtunisie","url":"https:\/\/abttunisie.com\/","logo":{"@type":"ImageObject","inLanguage":"en-US","@id":"https:\/\/abttunisie.com\/#\/schema\/logo\/image\/","url":"https:\/\/abttunisie.com\/wp-content\/uploads\/2025\/05\/logo-abt.png","contentUrl":"https:\/\/abttunisie.com\/wp-content\/uploads\/2025\/05\/logo-abt.png","width":218,"height":39,"caption":"ABTtunisie"},"image":{"@id":"https:\/\/abttunisie.com\/#\/schema\/logo\/image\/"},"sameAs":["https:\/\/www.facebook.com\/profile.php?id=61576825632485"]}]}},"_links":{"self":[{"href":"https:\/\/abttunisie.com\/index.php\/wp-json\/wp\/v2\/pages\/47","targetHints":{"allow":["GET"]}}],"collection":[{"href":"https:\/\/abttunisie.com\/index.php\/wp-json\/wp\/v2\/pages"}],"about":[{"href":"https:\/\/abttunisie.com\/index.php\/wp-json\/wp\/v2\/types\/page"}],"author":[{"embeddable":true,"href":"https:\/\/abttunisie.com\/index.php\/wp-json\/wp\/v2\/users\/1"}],"replies":[{"embeddable":true,"href":"https:\/\/abttunisie.com\/index.php\/wp-json\/wp\/v2\/comments?post=47"}],"version-history":[{"count":23,"href":"https:\/\/abttunisie.com\/index.php\/wp-json\/wp\/v2\/pages\/47\/revisions"}],"predecessor-version":[{"id":246,"href":"https:\/\/abttunisie.com\/index.php\/wp-json\/wp\/v2\/pages\/47\/revisions\/246"}],"wp:attachment":[{"href":"https:\/\/abttunisie.com\/index.php\/wp-json\/wp\/v2\/media?parent=47"}],"curies":[{"name":"wp","href":"https:\/\/api.w.org\/{rel}","templated":true}]}}